{"id":156,"date":"2024-11-11T11:35:42","date_gmt":"2024-11-11T10:35:42","guid":{"rendered":"https:\/\/festisolgrenoble.fr\/?page_id=156"},"modified":"2025-09-18T18:14:34","modified_gmt":"2025-09-18T16:14:34","slug":"a-propos","status":"publish","type":"page","link":"https:\/\/festisolgrenoble.fr\/index.php\/a-propos\/","title":{"rendered":"A propos"},"content":{"rendered":"\t\t<div data-elementor-type=\"wp-page\" data-elementor-id=\"156\" class=\"elementor elementor-156\">\n\t\t\t\t<div class=\"elementor-element elementor-element-567748d e-flex e-con-boxed e-con e-parent\" data-id=\"567748d\" data-element_type=\"container\">\n\t\t\t\t\t<div class=\"e-con-inner\">\n\t\t\t\t<div class=\"elementor-element elementor-element-d333f2a elementor-widget elementor-widget-heading\" data-id=\"d333f2a\" data-element_type=\"widget\" data-widget_type=\"heading.default\">\n\t\t\t\t<div class=\"elementor-widget-container\">\n\t\t\t\t\t<h2 class=\"elementor-heading-title elementor-size-default\">A propos du Festival<\/h2>\t\t\t\t<\/div>\n\t\t\t\t<\/div>\n\t\t\t\t\t<\/div>\n\t\t\t\t<\/div>\n\t\t<div class=\"elementor-element elementor-element-44756c2 e-flex e-con-boxed e-con e-parent\" data-id=\"44756c2\" data-element_type=\"container\">\n\t\t\t\t\t<div class=\"e-con-inner\">\n\t\t\t\t<div class=\"elementor-element elementor-element-5e215c6 elementor-widget elementor-widget-text-editor\" data-id=\"5e215c6\" data-element_type=\"widget\" data-widget_type=\"text-editor.default\">\n\t\t\t\t<div class=\"elementor-widget-container\">\n\t\t\t\t\t\t\t\t\t<p>Le&nbsp; &nbsp;Festival&nbsp; &nbsp;des&nbsp; &nbsp;Solidarit\u00e9s&nbsp; &nbsp;internationales&nbsp; &nbsp;dit aussi FESTISOL est de retour cette ann\u00e9e pour sa 28\u00e8me \u00e9dition.<\/p>\n<p>Le &nbsp;FESTISOL &nbsp;c\u2019est &nbsp;un &nbsp;mois &nbsp;d&rsquo;\u00e9v\u00e9nements &nbsp;conviviaux &nbsp;et engag\u00e9s pour promouvoir une solidarit\u00e9 ouverte au monde et &nbsp;aux &nbsp;autres, &nbsp;pour &nbsp;donner &nbsp;aux &nbsp;citoyen.ne.s &nbsp;de &nbsp;tout &nbsp;\u00e2ge l\u2019envie d\u2019agir pour un monde juste, solidaire et durable.<\/p>\n<p>Le collectif FESTISOL Grenoble, compos\u00e9 d&rsquo;une quinzaine d&rsquo;associations, &nbsp;vous &nbsp;propose &nbsp;pour &nbsp;cette &nbsp;\u00e9dition &nbsp;2025 un programme qui s&rsquo;\u00e9chelonne du <strong><span style=\"color: #99cc00;\">samedi 8 novembre au samedi 6 d\u00e9cembre 2025..<\/span><\/strong><\/p>\n<p>Cette ann\u00e9e, le Festival des Solidarit\u00e9s fera un focus sur deux th\u00e9matiques fortes et intimement li\u00e9es : <strong><span style=\"color: #99cc00;\">la protection de &nbsp;l\u2019environnement &nbsp;et &nbsp;de &nbsp;la &nbsp;nature &nbsp;ainsi &nbsp;que &nbsp;la &nbsp;notion &nbsp;de droit des peuples.<\/span><\/strong><\/p>\t\t\t\t\t\t\t\t<\/div>\n\t\t\t\t<\/div>\n\t\t\t\t\t<\/div>\n\t\t\t\t<\/div>\n\t\t<div class=\"elementor-element elementor-element-1ce8506 e-flex e-con-boxed e-con e-parent\" data-id=\"1ce8506\" data-element_type=\"container\">\n\t\t\t\t\t<div class=\"e-con-inner\">\n\t\t\t\t<div class=\"elementor-element elementor-element-4be9582 elementor-widget elementor-widget-text-editor\" data-id=\"4be9582\" data-element_type=\"widget\" data-widget_type=\"text-editor.default\">\n\t\t\t\t<div class=\"elementor-widget-container\">\n\t\t\t\t\t\t\t\t\t<p>Les associations du collectif qui animent le festival \u00e0 Grenoble, vous proposent une programmation comme toujours riche et vari\u00e9e, en lien avec ces th\u00e8mes, dans un esprit de solidarit\u00e9 et de partage.<\/p><p><strong>Po<\/strong><strong>u<\/strong><strong>r<\/strong> <strong>q<\/strong><strong>u<\/strong><strong>i<\/strong> <strong>?<\/strong> Pour tous, grands et petits.<\/p><p><strong>Sous quelles formes ? <\/strong>Conf\u00e9rences, d\u00e9bats, s\u00e9ances de cin\u00e9ma, formations, jeux, concerts, repas conviviaux&#8230;<\/p><p><strong>Pour en savoir plus ? <\/strong>D\u00e9couvrez toutes les informations en cliquant sur le lien ci dessous :<\/p>\t\t\t\t\t\t\t\t<\/div>\n\t\t\t\t<\/div>\n\t\t\t\t\t<\/div>\n\t\t\t\t<\/div>\n\t\t<div class=\"elementor-element elementor-element-e0d4c76 e-flex e-con-boxed e-con e-parent\" data-id=\"e0d4c76\" data-element_type=\"container\">\n\t\t\t\t\t<div class=\"e-con-inner\">\n\t\t\t\t<div class=\"elementor-element elementor-element-1d26155 elementor-align-center elementor-widget elementor-widget-button\" data-id=\"1d26155\" data-element_type=\"widget\" data-widget_type=\"button.default\">\n\t\t\t\t<div class=\"elementor-widget-container\">\n\t\t\t\t\t\t\t\t\t<div class=\"elementor-button-wrapper\">\n\t\t\t\t\t<a class=\"elementor-button elementor-button-link elementor-size-sm\" href=\"http:\/\/festisolgrenoble.fr\/wp-content\/uploads\/2025\/09\/2025-Pgm-Festisol-A5.pdf\" target=\"_blank\">\n\t\t\t\t\t\t<span class=\"elementor-button-content-wrapper\">\n\t\t\t\t\t\t<span class=\"elementor-button-icon\">\n\t\t\t\t<svg aria-hidden=\"true\" class=\"e-font-icon-svg e-far-file-pdf\" viewBox=\"0 0 384 512\" xmlns=\"http:\/\/www.w3.org\/2000\/svg\"><path d=\"M369.9 97.9L286 14C277 5 264.8-.1 252.1-.1H48C21.5 0 0 21.5 0 48v416c0 26.5 21.5 48 48 48h288c26.5 0 48-21.5 48-48V131.9c0-12.7-5.1-25-14.1-34zM332.1 128H256V51.9l76.1 76.1zM48 464V48h160v104c0 13.3 10.7 24 24 24h104v288H48zm250.2-143.7c-12.2-12-47-8.7-64.4-6.5-17.2-10.5-28.7-25-36.8-46.3 3.9-16.1 10.1-40.6 5.4-56-4.2-26.2-37.8-23.6-42.6-5.9-4.4 16.1-.4 38.5 7 67.1-10 23.9-24.9 56-35.4 74.4-20 10.3-47 26.2-51 46.2-3.3 15.8 26 55.2 76.1-31.2 22.4-7.4 46.8-16.5 68.4-20.1 18.9 10.2 41 17 55.8 17 25.5 0 28-28.2 17.5-38.7zm-198.1 77.8c5.1-13.7 24.5-29.5 30.4-35-19 30.3-30.4 35.7-30.4 35zm81.6-190.6c7.4 0 6.7 32.1 1.8 40.8-4.4-13.9-4.3-40.8-1.8-40.8zm-24.4 136.6c9.7-16.9 18-37 24.7-54.7 8.3 15.1 18.9 27.2 30.1 35.5-20.8 4.3-38.9 13.1-54.8 19.2zm131.6-5s-5 6-37.3-7.8c35.1-2.6 40.9 5.4 37.3 7.8z\"><\/path><\/svg>\t\t\t<\/span>\n\t\t\t\t\t\t\t\t\t<span class=\"elementor-button-text\">Programme de l'\u00e9dition Festisol 2025<\/span>\n\t\t\t\t\t<\/span>\n\t\t\t\t\t<\/a>\n\t\t\t\t<\/div>\n\t\t\t\t\t\t\t\t<\/div>\n\t\t\t\t<\/div>\n\t\t\t\t\t<\/div>\n\t\t\t\t<\/div>\n\t\t<div class=\"elementor-element elementor-element-03d0d52 e-flex e-con-boxed e-con e-parent\" data-id=\"03d0d52\" data-element_type=\"container\">\n\t\t\t\t\t<div class=\"e-con-inner\">\n\t\t\t\t<div class=\"elementor-element elementor-element-fcfd9ce elementor-widget elementor-widget-text-editor\" data-id=\"fcfd9ce\" data-element_type=\"widget\" data-widget_type=\"text-editor.default\">\n\t\t\t\t<div class=\"elementor-widget-container\">\n\t\t\t\t\t\t\t\t\t<p>En\u00a0 \u00a0esp\u00e9rant\u00a0 \u00a0vous\u00a0 \u00a0retrouver\u00a0 \u00a0nombreux.ses\u00a0 \u00a0lors\u00a0 des \u00e9v\u00e9nements, \u00a0toute \u00a0l\u2019\u00e9quipe \u00a0du \u00a0collectif \u00a0vous \u00a0souhaite \u00a0un bon Festisol.<\/p>\t\t\t\t\t\t\t\t<\/div>\n\t\t\t\t<\/div>\n\t\t\t\t\t<\/div>\n\t\t\t\t<\/div>\n\t\t<div class=\"elementor-element elementor-element-1179901 e-flex e-con-boxed e-con e-parent\" data-id=\"1179901\" data-element_type=\"container\">\n\t\t\t\t\t<div class=\"e-con-inner\">\n\t\t\t\t<div class=\"elementor-element elementor-element-4c25f50 elementor-widget elementor-widget-heading\" data-id=\"4c25f50\" data-element_type=\"widget\" data-widget_type=\"heading.default\">\n\t\t\t\t<div class=\"elementor-widget-container\">\n\t\t\t\t\t<h3 class=\"elementor-heading-title elementor-size-default\">FESTISOL,\nUN PROJET MOBILISATEUR\n<\/h3>\t\t\t\t<\/div>\n\t\t\t\t<\/div>\n\t\t\t\t\t<\/div>\n\t\t\t\t<\/div>\n\t\t<div class=\"elementor-element elementor-element-a31be00 e-flex e-con-boxed e-con e-parent\" data-id=\"a31be00\" data-element_type=\"container\">\n\t\t\t\t\t<div class=\"e-con-inner\">\n\t\t\t\t<div class=\"elementor-element elementor-element-9c5f2ee elementor-widget elementor-widget-text-editor\" data-id=\"9c5f2ee\" data-element_type=\"widget\" data-widget_type=\"text-editor.default\">\n\t\t\t\t<div class=\"elementor-widget-container\">\n\t\t\t\t\t\t\t\t\t<p>Le texte fondateur du Festival des Solidarit\u00e9s postule l&rsquo;indissociabilit\u00e9 entre les dimensions locales et internationales de la solidarit\u00e9, la d\u00e9fense des droits humains et la lutte contre les in\u00e9galit\u00e9s \u00e0 l&rsquo;heure o\u00f9 elles ne cessent de se creuser. La solidarit\u00e9 n&rsquo;a de sens que si elle est globale, et construire la paix implique de reconna\u00eetre le droit \u00e9gal de chaque \u00eatre humain \u00e0 vivre dignement dans un environnement pr\u00e9serv\u00e9.<\/p>\t\t\t\t\t\t\t\t<\/div>\n\t\t\t\t<\/div>\n\t\t\t\t\t<\/div>\n\t\t\t\t<\/div>\n\t\t<div class=\"elementor-element elementor-element-8efcc75 e-flex e-con-boxed e-con e-parent\" data-id=\"8efcc75\" data-element_type=\"container\">\n\t\t\t\t\t<div class=\"e-con-inner\">\n\t\t\t\t<div class=\"elementor-element elementor-element-f4f0438 elementor-widget elementor-widget-text-editor\" data-id=\"f4f0438\" data-element_type=\"widget\" data-widget_type=\"text-editor.default\">\n\t\t\t\t<div class=\"elementor-widget-container\">\n\t\t\t\t\t\t\t\t\t<p>Nous sommes convaincu.e.s que le changement passera par la\u00a0 \u00a0mise\u00a0 \u00a0en\u00a0 \u00a0r\u00e9seau\u00a0 \u00a0au\u00a0 \u00a0niveau\u00a0 \u00a0local,\u00a0 \u00a0r\u00e9gional,\u00a0 \u00a0national, continental et mondial, de toutes les personnes partageant ces valeurs. Agir ensemble pour r\u00e9ussir la transformation de nos soci\u00e9t\u00e9s, ne laisser personne de c\u00f4t\u00e9, prendre le temps d\u2019associer\u00a0 \u00a0chacun.e,\u00a0 \u00a0et\u00a0 \u00a0notamment\u00a0 \u00a0les\u00a0 \u00a0jeunes,\u00a0 \u00a0\u00e0\u00a0 \u00a0la compr\u00e9hension des enjeux, favoriser l\u2019expression d\u2019opinions diverses, d\u00e9construire nos repr\u00e9sentations de \u00ab l\u2019autre \u00bb, pr\u00e8s ou loin de nous, et nous donner \u00e0 toutes et tous les moyens de comprendre comment fonctionne le monde et comment agir sur lui : <strong>La solidarit\u00e9, un projet de soci\u00e9t\u00e9 pour l\u2019humanit\u00e9 !<\/strong><\/p>\t\t\t\t\t\t\t\t<\/div>\n\t\t\t\t<\/div>\n\t\t\t\t<div class=\"elementor-element elementor-element-ece32f2 elementor-widget elementor-widget-text-editor\" data-id=\"ece32f2\" data-element_type=\"widget\" data-widget_type=\"text-editor.default\">\n\t\t\t\t<div class=\"elementor-widget-container\">\n\t\t\t\t\t\t\t\t\t<p>Le \u00a0Festisol \u00a0promeut \u00a0l\u2019<strong>Education \u00a0\u00e0 \u00a0la \u00a0Citoyennet\u00e9 \u00a0et \u00a0\u00e0 \u00a0la Solidarit\u00e9 Internationale <\/strong>sur \u00a0notre territoire.<\/p><p>A \u00a0travers \u00a0l\u2019organisation \u00a0d\u2019\u00e9v\u00e9nements, \u00a0les \u00a0associations \u00a0du collectif Festisol de Grenoble ont \u00e0 c\u0153ur de contribuer \u00e0 la sensibilisation \u00a0des \u00a0citoyens.nes \u00a0Grenoblois.es \u00a0afin \u00a0de \u00a0leur permettre de :<\/p><h4><span style=\"color: #99cc00;\"><strong>VOIR<\/strong><\/span><strong><span style=\"color: #ffff00;\">\u00a0<\/span>\u00a0\u00a0 <\/strong><\/h4><p>A travers une mise en situation, un t\u00e9moignage, un film, un jeu, des rencontres : les interd\u00e9pendances mondiales, les injustices.<\/p><h4><span style=\"color: #99cc00;\"><strong>COMPRENDRE<\/strong>\u00a0<\/span>\u00a0\u00a0\u00a0<\/h4><p>Donner des cl\u00e9s de compr\u00e9hension sur nos droits, sur des notions telles que celle abord\u00e9e cette ann\u00e9e : l\u2019environnement comme bien commun.<\/p><h4><span style=\"color: #99cc00;\"><strong>AGIR<\/strong><\/span><strong><span style=\"color: #99cc00;\">\u00a0\u00a0<\/span>\u00a0\u00a0\u00a0\u00a0\u00a0\u00a0\u00a0\u00a0\u00a0\u00a0\u00a0\u00a0\u00a0\u00a0\u00a0\u00a0\u00a0\u00a0\u00a0\u00a0\u00a0\u00a0 <\/strong><\/h4><p>Redonner du pouvoir d\u2019agir en mettant en valeur les luttes \u00e0 diff\u00e9rentes \u00e9chelles, les associations et initiatives sur notre territoire, en renfor\u00e7ant les activit\u00e9s de plaidoyer pour la solidarit\u00e9.<\/p>\t\t\t\t\t\t\t\t<\/div>\n\t\t\t\t<\/div>\n\t\t\t\t\t<\/div>\n\t\t\t\t<\/div>\n\t\t\t\t<\/div>\n\t\t","protected":false},"excerpt":{"rendered":"<p>A propos du Festival Le&nbsp; &nbsp;Festival&nbsp; &nbsp;des&nbsp; &nbsp;Solidarit\u00e9s&nbsp; &nbsp;internationales&nbsp; &nbsp;dit aussi FESTISOL est de retour cette ann\u00e9e pour sa 28\u00e8me \u00e9dition. Le &nbsp;FESTISOL &nbsp;c\u2019est &nbsp;un &nbsp;mois &nbsp;d&rsquo;\u00e9v\u00e9nements &nbsp;conviviaux &nbsp;et engag\u00e9s pour promouvoir une solidarit\u00e9 ouverte au monde et &nbsp;aux &nbsp;autres, &nbsp;pour &nbsp;donner &nbsp;aux &nbsp;citoyen.ne.s &nbsp;de &nbsp;tout &nbsp;\u00e2ge l\u2019envie d\u2019agir pour un monde juste, solidaire et [&hellip;]<\/p>\n","protected":false},"author":1,"featured_media":0,"parent":0,"menu_order":0,"comment_status":"closed","ping_status":"closed","template":"elementor_header_footer","meta":{"footnotes":""},"class_list":["post-156","page","type-page","status-publish","hentry"],"yoast_head":"<!-- This site is optimized with the Yoast SEO plugin v25.9 - https:\/\/yoast.com\/wordpress\/plugins\/seo\/ -->\n<title>A propos - Festisol Grenoble<\/title>\n<meta name=\"robots\" content=\"index, follow, max-snippet:-1, max-image-preview:large, max-video-preview:-1\" \/>\n<link rel=\"canonical\" href=\"https:\/\/festisolgrenoble.fr\/index.php\/a-propos\/\" \/>\n<meta property=\"og:locale\" content=\"fr_FR\" \/>\n<meta property=\"og:type\" content=\"article\" \/>\n<meta property=\"og:title\" content=\"A propos - Festisol Grenoble\" \/>\n<meta property=\"og:description\" content=\"A propos du Festival Le&nbsp; &nbsp;Festival&nbsp; &nbsp;des&nbsp; &nbsp;Solidarit\u00e9s&nbsp; &nbsp;internationales&nbsp; &nbsp;dit aussi FESTISOL est de retour cette ann\u00e9e pour sa 28\u00e8me \u00e9dition. Le &nbsp;FESTISOL &nbsp;c\u2019est &nbsp;un &nbsp;mois &nbsp;d&rsquo;\u00e9v\u00e9nements &nbsp;conviviaux &nbsp;et engag\u00e9s pour promouvoir une solidarit\u00e9 ouverte au monde et &nbsp;aux &nbsp;autres, &nbsp;pour &nbsp;donner &nbsp;aux &nbsp;citoyen.ne.s &nbsp;de &nbsp;tout &nbsp;\u00e2ge l\u2019envie d\u2019agir pour un monde juste, solidaire et [&hellip;]\" \/>\n<meta property=\"og:url\" content=\"https:\/\/festisolgrenoble.fr\/index.php\/a-propos\/\" \/>\n<meta property=\"og:site_name\" content=\"Festisol Grenoble\" \/>\n<meta property=\"article:publisher\" content=\"https:\/\/www.facebook.com\/festisolGrenoble\/\" \/>\n<meta property=\"article:modified_time\" content=\"2025-09-18T16:14:34+00:00\" \/>\n<meta name=\"twitter:card\" content=\"summary_large_image\" \/>\n<meta name=\"twitter:label1\" content=\"Dur\u00e9e de lecture estim\u00e9e\" \/>\n\t<meta name=\"twitter:data1\" content=\"3 minutes\" \/>\n<script type=\"application\/ld+json\" class=\"yoast-schema-graph\">{\"@context\":\"https:\/\/schema.org\",\"@graph\":[{\"@type\":\"WebPage\",\"@id\":\"https:\/\/festisolgrenoble.fr\/index.php\/a-propos\/\",\"url\":\"https:\/\/festisolgrenoble.fr\/index.php\/a-propos\/\",\"name\":\"A propos - Festisol Grenoble\",\"isPartOf\":{\"@id\":\"https:\/\/festisolgrenoble.fr\/#website\"},\"datePublished\":\"2024-11-11T10:35:42+00:00\",\"dateModified\":\"2025-09-18T16:14:34+00:00\",\"breadcrumb\":{\"@id\":\"https:\/\/festisolgrenoble.fr\/index.php\/a-propos\/#breadcrumb\"},\"inLanguage\":\"fr-FR\",\"potentialAction\":[{\"@type\":\"ReadAction\",\"target\":[\"https:\/\/festisolgrenoble.fr\/index.php\/a-propos\/\"]}]},{\"@type\":\"BreadcrumbList\",\"@id\":\"https:\/\/festisolgrenoble.fr\/index.php\/a-propos\/#breadcrumb\",\"itemListElement\":[{\"@type\":\"ListItem\",\"position\":1,\"name\":\"Home\",\"item\":\"https:\/\/festisolgrenoble.fr\/\"},{\"@type\":\"ListItem\",\"position\":2,\"name\":\"A propos\"}]},{\"@type\":\"WebSite\",\"@id\":\"https:\/\/festisolgrenoble.fr\/#website\",\"url\":\"https:\/\/festisolgrenoble.fr\/\",\"name\":\"Festisol Grenoble\",\"description\":\"Solidaires, on va plus loin\",\"publisher\":{\"@id\":\"https:\/\/festisolgrenoble.fr\/#organization\"},\"potentialAction\":[{\"@type\":\"SearchAction\",\"target\":{\"@type\":\"EntryPoint\",\"urlTemplate\":\"https:\/\/festisolgrenoble.fr\/?s={search_term_string}\"},\"query-input\":{\"@type\":\"PropertyValueSpecification\",\"valueRequired\":true,\"valueName\":\"search_term_string\"}}],\"inLanguage\":\"fr-FR\"},{\"@type\":\"Organization\",\"@id\":\"https:\/\/festisolgrenoble.fr\/#organization\",\"name\":\"Festisol Grenoble\",\"url\":\"https:\/\/festisolgrenoble.fr\/\",\"logo\":{\"@type\":\"ImageObject\",\"inLanguage\":\"fr-FR\",\"@id\":\"https:\/\/festisolgrenoble.fr\/#\/schema\/logo\/image\/\",\"url\":\"https:\/\/festisolgrenoble.fr\/wp-content\/uploads\/2024\/06\/cropped-Solidaires-700-x-394-px.jpg\",\"contentUrl\":\"https:\/\/festisolgrenoble.fr\/wp-content\/uploads\/2024\/06\/cropped-Solidaires-700-x-394-px.jpg\",\"width\":410,\"height\":312,\"caption\":\"Festisol Grenoble\"},\"image\":{\"@id\":\"https:\/\/festisolgrenoble.fr\/#\/schema\/logo\/image\/\"},\"sameAs\":[\"https:\/\/www.facebook.com\/festisolGrenoble\/\"]}]}<\/script>\n<!-- \/ Yoast SEO plugin. -->","yoast_head_json":{"title":"A propos - Festisol Grenoble","robots":{"index":"index","follow":"follow","max-snippet":"max-snippet:-1","max-image-preview":"max-image-preview:large","max-video-preview":"max-video-preview:-1"},"canonical":"https:\/\/festisolgrenoble.fr\/index.php\/a-propos\/","og_locale":"fr_FR","og_type":"article","og_title":"A propos - Festisol Grenoble","og_description":"A propos du Festival Le&nbsp; &nbsp;Festival&nbsp; &nbsp;des&nbsp; &nbsp;Solidarit\u00e9s&nbsp; &nbsp;internationales&nbsp; &nbsp;dit aussi FESTISOL est de retour cette ann\u00e9e pour sa 28\u00e8me \u00e9dition. Le &nbsp;FESTISOL &nbsp;c\u2019est &nbsp;un &nbsp;mois &nbsp;d&rsquo;\u00e9v\u00e9nements &nbsp;conviviaux &nbsp;et engag\u00e9s pour promouvoir une solidarit\u00e9 ouverte au monde et &nbsp;aux &nbsp;autres, &nbsp;pour &nbsp;donner &nbsp;aux &nbsp;citoyen.ne.s &nbsp;de &nbsp;tout &nbsp;\u00e2ge l\u2019envie d\u2019agir pour un monde juste, solidaire et [&hellip;]","og_url":"https:\/\/festisolgrenoble.fr\/index.php\/a-propos\/","og_site_name":"Festisol Grenoble","article_publisher":"https:\/\/www.facebook.com\/festisolGrenoble\/","article_modified_time":"2025-09-18T16:14:34+00:00","twitter_card":"summary_large_image","twitter_misc":{"Dur\u00e9e de lecture estim\u00e9e":"3 minutes"},"schema":{"@context":"https:\/\/schema.org","@graph":[{"@type":"WebPage","@id":"https:\/\/festisolgrenoble.fr\/index.php\/a-propos\/","url":"https:\/\/festisolgrenoble.fr\/index.php\/a-propos\/","name":"A propos - Festisol Grenoble","isPartOf":{"@id":"https:\/\/festisolgrenoble.fr\/#website"},"datePublished":"2024-11-11T10:35:42+00:00","dateModified":"2025-09-18T16:14:34+00:00","breadcrumb":{"@id":"https:\/\/festisolgrenoble.fr\/index.php\/a-propos\/#breadcrumb"},"inLanguage":"fr-FR","potentialAction":[{"@type":"ReadAction","target":["https:\/\/festisolgrenoble.fr\/index.php\/a-propos\/"]}]},{"@type":"BreadcrumbList","@id":"https:\/\/festisolgrenoble.fr\/index.php\/a-propos\/#breadcrumb","itemListElement":[{"@type":"ListItem","position":1,"name":"Home","item":"https:\/\/festisolgrenoble.fr\/"},{"@type":"ListItem","position":2,"name":"A propos"}]},{"@type":"WebSite","@id":"https:\/\/festisolgrenoble.fr\/#website","url":"https:\/\/festisolgrenoble.fr\/","name":"Festisol Grenoble","description":"Solidaires, on va plus loin","publisher":{"@id":"https:\/\/festisolgrenoble.fr\/#organization"},"potentialAction":[{"@type":"SearchAction","target":{"@type":"EntryPoint","urlTemplate":"https:\/\/festisolgrenoble.fr\/?s={search_term_string}"},"query-input":{"@type":"PropertyValueSpecification","valueRequired":true,"valueName":"search_term_string"}}],"inLanguage":"fr-FR"},{"@type":"Organization","@id":"https:\/\/festisolgrenoble.fr\/#organization","name":"Festisol Grenoble","url":"https:\/\/festisolgrenoble.fr\/","logo":{"@type":"ImageObject","inLanguage":"fr-FR","@id":"https:\/\/festisolgrenoble.fr\/#\/schema\/logo\/image\/","url":"https:\/\/festisolgrenoble.fr\/wp-content\/uploads\/2024\/06\/cropped-Solidaires-700-x-394-px.jpg","contentUrl":"https:\/\/festisolgrenoble.fr\/wp-content\/uploads\/2024\/06\/cropped-Solidaires-700-x-394-px.jpg","width":410,"height":312,"caption":"Festisol Grenoble"},"image":{"@id":"https:\/\/festisolgrenoble.fr\/#\/schema\/logo\/image\/"},"sameAs":["https:\/\/www.facebook.com\/festisolGrenoble\/"]}]}},"jetpack_sharing_enabled":true,"_links":{"self":[{"href":"https:\/\/festisolgrenoble.fr\/index.php\/wp-json\/wp\/v2\/pages\/156","targetHints":{"allow":["GET"]}}],"collection":[{"href":"https:\/\/festisolgrenoble.fr\/index.php\/wp-json\/wp\/v2\/pages"}],"about":[{"href":"https:\/\/festisolgrenoble.fr\/index.php\/wp-json\/wp\/v2\/types\/page"}],"author":[{"embeddable":true,"href":"https:\/\/festisolgrenoble.fr\/index.php\/wp-json\/wp\/v2\/users\/1"}],"replies":[{"embeddable":true,"href":"https:\/\/festisolgrenoble.fr\/index.php\/wp-json\/wp\/v2\/comments?post=156"}],"version-history":[{"count":47,"href":"https:\/\/festisolgrenoble.fr\/index.php\/wp-json\/wp\/v2\/pages\/156\/revisions"}],"predecessor-version":[{"id":467,"href":"https:\/\/festisolgrenoble.fr\/index.php\/wp-json\/wp\/v2\/pages\/156\/revisions\/467"}],"wp:attachment":[{"href":"https:\/\/festisolgrenoble.fr\/index.php\/wp-json\/wp\/v2\/media?parent=156"}],"curies":[{"name":"wp","href":"https:\/\/api.w.org\/{rel}","templated":true}]}}